{"id":848,"date":"2022-03-02T14:25:31","date_gmt":"2022-03-02T13:25:31","guid":{"rendered":"https:\/\/dispos.pl\/?page_id=848"},"modified":"2022-03-09T10:22:10","modified_gmt":"2022-03-09T09:22:10","slug":"uslugi-dodatkowe","status":"publish","type":"page","link":"https:\/\/dispos.pl\/de\/uslugi-dodatkowe\/","title":{"rendered":"Us\u0142ugi dodatkowe"},"content":{"rendered":"<div data-elementor-type=\"wp-page\" data-elementor-id=\"848\" class=\"elementor elementor-848\" data-elementor-post-type=\"page\">\n\t\t\t\t\t\t<section class=\"elementor-section elementor-top-section elementor-element elementor-element-37f2826 elementor-section-boxed elementor-section-height-default elementor-section-height-default\" data-id=\"37f2826\" data-element_type=\"section\">\n\t\t\t\t\t\t\t<div class=\"elementor-background-overlay\"><\/div>\n\t\t\t\t\t\t\t<div class=\"elementor-container elementor-column-gap-default\">\n\t\t\t\t\t<div class=\"elementor-column elementor-col-100 elementor-top-column elementor-element elementor-element-f3f0233\" data-id=\"f3f0233\" data-element_type=\"column\">\n\t\t\t<div class=\"elementor-widget-wrap elementor-element-populated\">\n\t\t\t\t\t\t<div class=\"elementor-element elementor-element-00f0a71 elementor-widget elementor-widget-heading\" data-id=\"00f0a71\" data-element_type=\"widget\" data-widget_type=\"heading.default\">\n\t\t\t\t<div class=\"elementor-widget-container\">\n\t\t\t\t\t<h2 class=\"elementor-heading-title elementor-size-default\">Us\u0142ugi dodatkowe<\/h2>\t\t\t\t<\/div>\n\t\t\t\t<\/div>\n\t\t\t\t<div class=\"elementor-element elementor-element-cc94605 elementor-widget elementor-widget-text-editor\" data-id=\"cc94605\" data-element_type=\"widget\" data-widget_type=\"text-editor.default\">\n\t\t\t\t<div class=\"elementor-widget-container\">\n\t\t\t\t\t\t\t\t\t<p style=\"text-align: justify; text-indent: 20px;\">Kompleksowo\u015b\u0107 produkcji materia\u0142\u00f3w POS jest dla nas najwa\u017cniejsza, dlatego, poza standardowym procesem produkcji stand\u00f3w i mebli wystawienniczych, proponujemy tak\u017ce us\u0142ugi dodatkowe, kt\u00f3re pomog\u0105 spe\u0142ni\u0107 oczekiwania wzgl\u0119dem efektu ko\u0144cowego stand\u00f3w POS. Proponujemy naszym klientom nast\u0119puj\u0105ce us\u0142ugi: druk UV w Tr\u00f3jmie\u015bcie, frezowanie CNC, termoformowanie tworzyw, sitodruk.<\/p>\n<p style=\"text-align: justify; text-indent: 20px;\"><strong>Prezentujemy kr\u00f3tki opis powy\u017cszych us\u0142ug:<\/strong><\/p>\n\n<ul>\n \t<li style=\"list-style-type: none;\">\n\n<ul>\n \t<li><strong>UV-Druck<\/strong>: najpopularniejsza i najnowocze\u015bniejsza opcja druku cyfrowego, ch\u0119tnie wykorzystywana w\u0142a\u015bnie w bran\u017cy reklamowej, ze wzgl\u0119du na swoje w\u0142a\u015bciwo\u015bci. Druk UV w Tr\u00f3jmie\u015bcie to jedno z najcz\u0119\u015bciej wykonywanych w DISPOS uszlachetnie\u0144. Mo\u017cemy zadrukowa\u0107 dla naszych klient\u00f3w niemal ka\u017cdy materia\u0142 o p\u0142askiej powierzchni (PCV, szk\u0142o, drewno, karton, plexi), tak\u017ce jako druk wielkoformatowy. Druk UV wykorzystuje ciek\u0142e tusze polimerowe utwardzane \u015bwiat\u0142em ultrafioletowym, dzi\u0119ki czemu powsta\u0142y produkt mo\u017ce by\u0107 wykorzystywany w kontakcie z produktami spo\u017cywczymi i w r\u00f3\u017cnego rodzaju obiektach u\u017cytkowych \u2013 nie ma emisji zapach\u00f3w i substancji szkodliwych. Wydruk jest trwa\u0142y, odporny na dzia\u0142anie mechaniczne i atmosferyczne, doskonale odwzorowuje barwy i kraw\u0119dzie z projektu. Ponadto druk UV wykorzystujemy do druku bezpo\u015brednio na materiale docelowym, bez wykorzystywania p\u00f3\u0142\u015brodk\u00f3w. Polecamy wykonywanie druku UV w Tr\u00f3jmie\u015bcie w\u0142a\u015bnie w DISPOS;<\/li>\n<\/ul>\n<div><\/div>\n<ul>\n \t<li>\n<p align=\"LEFT\"><strong>CNC-Fr\u00e4sen<\/strong>: produkcja materia\u0142\u00f3w reklamowych, o ile nie dotyczy prototyp\u00f3w, powinna tworzy\u0107 serie stand\u00f3w czy innych materia\u0142\u00f3w w idealnych kopiach, by odbiorca reklamy mia\u0142 mo\u017cliwo\u015b\u0107 zapami\u0119tania wizualnych aspekt\u00f3w marki, a <span style=\"color: #000000;\"><span style=\"font-size: medium;\"><span lang=\"pl-PL\">realizacja<\/span><\/span><\/span> dzia\u0142a\u0144 marketingowych przebiega\u0142a zgodnie z planem. Frezowanie CNC taki efekt gwarantuje. Dzi\u0119ki komputerowemu sterowaniu urz\u0105dzeniami frezuj\u0105cymi, zaprogramowanego odpowiednimi parametrami, wytworzone zostaj\u0105 meble wystawiennicze i inne standy zgodne w 100% z zam\u00f3wieniem. Skrawanie CNC to przede wszystkim precyzja i jako\u015b\u0107 odwzorowywana w ka\u017cdej sztuce produktu, ale tak\u017ce uniwersalno\u015b\u0107 \u2013 frezowanie CNC mo\u017cna wykona\u0107 na r\u00f3\u017cnorodnym materiale (plexi, PCV, sklejka, drewno), co wpisuje si\u0119 w nasz\u0105 ofert\u0119 stand\u00f3w POS, a tak\u017ce zapewnia mo\u017cliwo\u015b\u0107 realizacji dodatkowych zlece\u0144;<\/p>\n<\/li>\n \t<li>\n<p align=\"LEFT\"><strong>Tiefziehen von Kunststoffen<\/strong>: tworzywa sztuczne nadal <span style=\"color: #000000;\"><span style=\"font-size: medium;\"><span lang=\"pl-PL\">ch\u0119tnie s\u0105 wykorzystywane<\/span><\/span><\/span> jako surowiec w bran\u017cy reklamowej i nie tylko, dlatego ich obr\u00f3bka to jedna z ch\u0119tniej wybieranych us\u0142ug dodatkowych w DISPOS. Termoformowanie tworzyw przebiega u nas precyzyjnie, szybko i z wykorzystaniem profesjonalnych, dedykowanych do termoformowania maszyn. Tworzywo podgrzewane jest a\u017c do osi\u0105gni\u0119cia plastyczno\u015bci, po czym formowane do docelowego kszta\u0142tu. Termoformowanie tworzyw wykorzystujemy zar\u00f3wno do tworzenia stand\u00f3w reklamowych z tworzyw sztucznych, jak i indywidualnie zam\u00f3wionych us\u0142ug dodatkowych dla naszych klient\u00f3w. Wytworzone za pomoc\u0105 termoformowania produkty wymagaj\u0105 po obr\u00f3bce cieplnej skrawania, do czego wykorzystujemy nasze specjalistyczne frezowanie CNC;<\/p>\n<\/li>\n \t<li>\n<p align=\"LEFT\"><strong>Siebdruck<\/strong>: jedna ze starszych metod drukowania i znakowania, kt\u00f3ra wci\u0105\u017c cieszy si\u0119 du\u017c\u0105 popularno\u015bci\u0105 i kt\u00f3r\u0105 oferujemy w DISPOS. Jej najwi\u0119ksz\u0105 zalet\u0105 jest wszechstronno\u015b\u0107 \u2013 zadruk mo\u017cliwy jest na powierzchniach szklanych, drewnianych, papierowych, plastikowych, metalowych, tkaninach i innych. Dost\u0119pna jest r\u00f3wnie\u017c szeroka oferta samych farb i tusz\u00f3w, dzi\u0119ki czemu za pomoc\u0105 sitodruku mo\u017cna uzyska\u0107 niemal ka\u017cdy efekt wizualny. Jako\u015b\u0107, trwa\u0142o\u015b\u0107 i zadruk wielkopowierzchniowy to tak\u017ce zalety tej us\u0142ugi.<\/p>\n<\/li>\n<\/ul>\t\t\t\t\t\t\t\t<\/div>\n\t\t\t\t<\/div>\n\t\t\t\t\t<\/div>\n\t\t<\/div>\n\t\t\t\t\t<\/div>\n\t\t<\/section>\n\t\t\t\t<\/div>","protected":false},"excerpt":{"rendered":"<p>Us\u0142ugi dodatkowe Kompleksowo\u015b\u0107 produkcji materia\u0142\u00f3w POS jest dla nas najwa\u017cniejsza, dlatego, poza standardowym procesem produkcji stand\u00f3w i mebli wystawienniczych, proponujemy tak\u017ce us\u0142ugi dodatkowe, kt\u00f3re pomog\u0105 spe\u0142ni\u0107 oczekiwania wzgl\u0119dem efektu ko\u0144cowego stand\u00f3w POS. Proponujemy naszym klientom nast\u0119puj\u0105ce us\u0142ugi: druk UV w Tr\u00f3jmie\u015bcie, frezowanie CNC, termoformowanie tworzyw, sitodruk. Prezentujemy kr\u00f3tki opis powy\u017cszych us\u0142ug: druk UV: najpopularniejsza i [&hellip;]<\/p>","protected":false},"author":5,"featured_media":0,"parent":0,"menu_order":0,"comment_status":"closed","ping_status":"closed","template":"elementor_header_footer","meta":{"_monsterinsights_skip_tracking":false,"_monsterinsights_sitenote_active":false,"_monsterinsights_sitenote_note":"","_monsterinsights_sitenote_category":0,"footnotes":""},"class_list":["post-848","page","type-page","status-publish","hentry"],"aioseo_notices":[],"_links":{"self":[{"href":"https:\/\/dispos.pl\/de\/wp-json\/wp\/v2\/pages\/848","targetHints":{"allow":["GET"]}}],"collection":[{"href":"https:\/\/dispos.pl\/de\/wp-json\/wp\/v2\/pages"}],"about":[{"href":"https:\/\/dispos.pl\/de\/wp-json\/wp\/v2\/types\/page"}],"author":[{"embeddable":true,"href":"https:\/\/dispos.pl\/de\/wp-json\/wp\/v2\/users\/5"}],"replies":[{"embeddable":true,"href":"https:\/\/dispos.pl\/de\/wp-json\/wp\/v2\/comments?post=848"}],"version-history":[{"count":2,"href":"https:\/\/dispos.pl\/de\/wp-json\/wp\/v2\/pages\/848\/revisions"}],"predecessor-version":[{"id":1139,"href":"https:\/\/dispos.pl\/de\/wp-json\/wp\/v2\/pages\/848\/revisions\/1139"}],"wp:attachment":[{"href":"https:\/\/dispos.pl\/de\/wp-json\/wp\/v2\/media?parent=848"}],"curies":[{"name":"wp","href":"https:\/\/api.w.org\/{rel}","templated":true}]}}