{"id":759,"date":"2022-03-02T13:44:02","date_gmt":"2022-03-02T12:44:02","guid":{"rendered":"https:\/\/dispos.pl\/?page_id=759"},"modified":"2022-03-02T15:00:24","modified_gmt":"2022-03-02T14:00:24","slug":"poznaj-nasz-park-maszynowy","status":"publish","type":"page","link":"https:\/\/dispos.pl\/en\/poznaj-nasz-park-maszynowy\/","title":{"rendered":"Poznaj nasz park maszynowy"},"content":{"rendered":"<div data-elementor-type=\"wp-page\" data-elementor-id=\"759\" class=\"elementor elementor-759\" data-elementor-post-type=\"page\">\n\t\t\t\t\t\t<section class=\"elementor-section elementor-top-section elementor-element elementor-element-702b7a03 elementor-section-boxed elementor-section-height-default elementor-section-height-default\" data-id=\"702b7a03\" data-element_type=\"section\" data-settings=\"{&quot;background_background&quot;:&quot;classic&quot;}\">\n\t\t\t\t\t\t\t<div class=\"elementor-background-overlay\"><\/div>\n\t\t\t\t\t\t\t<div class=\"elementor-container elementor-column-gap-default\">\n\t\t\t\t\t<div class=\"elementor-column elementor-col-100 elementor-top-column elementor-element elementor-element-62963d8b\" data-id=\"62963d8b\" data-element_type=\"column\">\n\t\t\t<div class=\"elementor-widget-wrap elementor-element-populated\">\n\t\t\t\t\t\t<div class=\"elementor-element elementor-element-7e79f5f elementor-widget elementor-widget-heading\" data-id=\"7e79f5f\" data-element_type=\"widget\" data-widget_type=\"heading.default\">\n\t\t\t\t<div class=\"elementor-widget-container\">\n\t\t\t\t\t<h2 class=\"elementor-heading-title elementor-size-default\">Produkcja POS \u2013 rozbudowany, nowoczesny park maszynowy<\/h2>\t\t\t\t<\/div>\n\t\t\t\t<\/div>\n\t\t\t\t<div class=\"elementor-element elementor-element-7502bec elementor-widget elementor-widget-text-editor\" data-id=\"7502bec\" data-element_type=\"widget\" data-widget_type=\"text-editor.default\">\n\t\t\t\t<div class=\"elementor-widget-container\">\n\t\t\t\t\t\t\t\t\t<p style=\"text-align: justify; text-indent: 20px;\">Ekspozytory reklamowe i meble wystawiennicze s\u0105 wa\u017cnym elementem dzia\u0142a\u0144 promocyjnych marki, jako\u015b\u0107 ich wykonania \u2013 zar\u00f3wno pod wzgl\u0119dem staranno\u015bci, jak i estetyki \u2013 jest wi\u0119c jednym z priorytet\u00f3w. Jako do\u015bwiadczony producent stand\u00f3w do sklepu, witryn czy innych miejsc wystawienniczych doskonale wiemy, jakie materia\u0142y i technologie wykorzysta\u0107, by stworzone przez nas ekspozytory produktowe z plexi, stojaki reklamowe z plexi na zam\u00f3wienie, meble wystawiennicze ze sklejki, drewna, metalu czy szk\u0142a by\u0142y trwa\u0142e, odporne na zniszczenie i funkcjonalne.<\/p>\n<p style=\"text-align: justify; text-indent: 20px;\">Produkcja ekspozytor\u00f3w na zam\u00f3wienie w DISPOS odbywa si\u0119 z wykorzystaniem nowoczesnych maszyn, sprawdzonych i dedykowanych pracy z r\u00f3\u017cnorodnym tworzywem.<\/p>\n<p style=\"text-align: justify; text-indent: 20px;\"><strong>Korzystamy m.in. z:<\/strong><\/p>\n\n<ul>\n \t<li style=\"list-style-type: none;\">\n<ul>\n \t<li><strong>gi\u0119tarek to tworzyw<\/strong> \u2013 nasze ekspozytory reklamowe s\u0105 ju\u017c gotowe do z\u0142o\u017cenia zgodnie z prost\u0105 instrukcj\u0105 do\u0142\u0105czon\u0105 do przesy\u0142ki;<\/li>\n \t<li><strong>termoformierki do tworzyw<\/strong> \u2013 produkcja POS przebiega z najwi\u0119ksz\u0105 dok\u0142adno\u015bci\u0105 dzi\u0119ki technologii termoformowania;<\/li>\n \t<li><strong>laser CO<\/strong> \u2013 ekspozytory reklamowe od producenta cechuje precyzja, dost\u0119pna tylko technice laserowej;<\/li>\n \t<li><strong>drukarka UV White+CMYK<\/strong> \u2013 nadruki na naszych wyrobach, zar\u00f3wno tych ze sklejki, drewna, szk\u0142a, jak i ekspozytory produktowe z plexi, s\u0105 realizowane przy u\u017cyciu najnowszej technologii druku wysokiej jako\u015bci w trybie kolorystycznym White+CMYK;<\/li>\n \t<li><strong>frezarki CNC Kimla<\/strong> \u2013 gwarantuj\u0105 doskona\u0142e efekty obr\u00f3bki w pracy z materia\u0142ami wykorzystywanymi w\u0142a\u015bnie do produkcji ekspozytor\u00f3w na zam\u00f3wienie: plexi, PCV, sklejka, drewno czy szk\u0142o;<\/li>\n \t<li><strong>szlifierki, w tym szlifierka automatyczna ta\u015bmowa ze szczotkark\u0105<\/strong> \u2013 jako producent stand\u00f3w do sklepu czy innych miejsc wystawowych doskonale wiemy, jak wa\u017cne jest przygotowanie techniczne materia\u0142u przed jego dalsz\u0105 obr\u00f3bk\u0105. Dlatego korzystamy do szlifowania powierzchni i innych prac wy\u0142\u0105cznie z najlepszych maszyn i narz\u0119dzi sprawdzonych marek;<\/li>\n \t<li><strong>malarnie i lakiernie<\/strong> \u2013 stojaki reklamowe z plexi na zam\u00f3wienie czy drewniane ekspozytory produktowe produkujemy zgodnie z wytycznymi klienta i specyfikacj\u0105 marki, istotne jest wi\u0119c tak\u017ce dopracowanie szczeg\u00f3\u0142\u00f3w stand\u00f3w na poziomie estetycznym;<\/li>\n \t<li><strong>owijarka pozioma do pakowania<\/strong> \u2013 nie tylko produkcja jest w naszej bran\u017cy wa\u017cna, ale tak\u017ce przygotowanie wyrob\u00f3w do bezpiecznego transportu. Systemy pakowania dopracowali\u015bmy tak samo sumiennie, jak ca\u0142\u0105 technologi\u0119 produkcji naszych stand\u00f3w i mebli wystawienniczych.<\/li>\n<\/ul>\n<\/li>\n<\/ul>\n<\/li>\n<\/ul>\t\t\t\t\t\t\t\t<\/div>\n\t\t\t\t<\/div>\n\t\t\t\t<div class=\"elementor-element elementor-element-74522662 elementor-widget elementor-widget-text-editor\" data-id=\"74522662\" data-element_type=\"widget\" data-widget_type=\"text-editor.default\">\n\t\t\t\t<div class=\"elementor-widget-container\">\n\t\t\t\t\t\t\t\t\t<p style=\"text-align: justify; text-indent: 20px;\">Rozbudowany park maszynowy do produkcji POS umo\u017cliwia dostarczanie klientowi wyrob\u00f3w terminowo i zgodnie z drobiazgowymi wytycznymi. Zach\u0119camy do sprawdzenia naszych realizacji i wsp\u00f3\u0142pracy z mark\u0105 DISPOS.<\/p>\t\t\t\t\t\t\t\t<\/div>\n\t\t\t\t<\/div>\n\t\t\t\t\t<\/div>\n\t\t<\/div>\n\t\t\t\t\t<\/div>\n\t\t<\/section>\n\t\t\t\t<\/div>","protected":false},"excerpt":{"rendered":"<p>Produkcja POS \u2013 rozbudowany, nowoczesny park maszynowy Ekspozytory reklamowe i meble wystawiennicze s\u0105 wa\u017cnym elementem dzia\u0142a\u0144 promocyjnych marki, jako\u015b\u0107 ich wykonania \u2013 zar\u00f3wno pod wzgl\u0119dem staranno\u015bci, jak i estetyki \u2013 jest wi\u0119c jednym z priorytet\u00f3w. Jako do\u015bwiadczony producent stand\u00f3w do sklepu, witryn czy innych miejsc wystawienniczych doskonale wiemy, jakie materia\u0142y i technologie wykorzysta\u0107, by stworzone [&hellip;]<\/p>","protected":false},"author":5,"featured_media":0,"parent":0,"menu_order":0,"comment_status":"closed","ping_status":"closed","template":"elementor_header_footer","meta":{"_monsterinsights_skip_tracking":false,"_monsterinsights_sitenote_active":false,"_monsterinsights_sitenote_note":"","_monsterinsights_sitenote_category":0,"footnotes":""},"class_list":["post-759","page","type-page","status-publish","hentry"],"aioseo_notices":[],"_links":{"self":[{"href":"https:\/\/dispos.pl\/en\/wp-json\/wp\/v2\/pages\/759","targetHints":{"allow":["GET"]}}],"collection":[{"href":"https:\/\/dispos.pl\/en\/wp-json\/wp\/v2\/pages"}],"about":[{"href":"https:\/\/dispos.pl\/en\/wp-json\/wp\/v2\/types\/page"}],"author":[{"embeddable":true,"href":"https:\/\/dispos.pl\/en\/wp-json\/wp\/v2\/users\/5"}],"replies":[{"embeddable":true,"href":"https:\/\/dispos.pl\/en\/wp-json\/wp\/v2\/comments?post=759"}],"version-history":[{"count":0,"href":"https:\/\/dispos.pl\/en\/wp-json\/wp\/v2\/pages\/759\/revisions"}],"wp:attachment":[{"href":"https:\/\/dispos.pl\/en\/wp-json\/wp\/v2\/media?parent=759"}],"curies":[{"name":"wp","href":"https:\/\/api.w.org\/{rel}","templated":true}]}}